{"id":410,"date":"2021-03-02T10:58:35","date_gmt":"2021-03-02T09:58:35","guid":{"rendered":"https:\/\/turismoincammino.it\/?page_id=410"},"modified":"2021-03-02T16:04:34","modified_gmt":"2021-03-02T15:04:34","slug":"home-en","status":"publish","type":"page","link":"https:\/\/turismoincammino.it\/en\/","title":{"rendered":"Home &#8211; EN"},"content":{"rendered":"<p><div class=\"fusion-fullwidth fullwidth-box fusion-builder-row-1 fusion-flex-container nonhundred-percent-fullwidth non-hundred-percent-height-scrolling\" style=\"background-color: rgba(255,255,255,0);background-position: center center;background-repeat: no-repeat;border-width: 0px 0px 0px 0px;border-color:#e2e2e2;border-style:solid;\" ><div class=\"fusion-builder-row fusion-row fusion-flex-align-items-flex-start\" style=\"max-width:calc( 1200px + 0px );margin-left: calc(-0px \/ 2 );margin-right: calc(-0px \/ 2 );\"><div class=\"fusion-layout-column fusion_builder_column fusion-builder-column-0 fusion_builder_column_1_1 1_1 fusion-flex-column\"><div class=\"fusion-column-wrapper fusion-flex-justify-content-flex-start fusion-content-layout-column\" style=\"background-position:left top;background-repeat:no-repeat;-webkit-background-size:cover;-moz-background-size:cover;-o-background-size:cover;background-size:cover;padding: 0px 0px 0px 0px;\">\n<div class=\"fusion-slider-revolution rev_slider_wrapper\">\t\t\t<!-- START Slider Home EN REVOLUTION SLIDER 6.5.19 --><p class=\"rs-p-wp-fix\"><\/p>\n\t\t\t<rs-module-wrap id=\"rev_slider_7_1_wrapper\" data-source=\"gallery\" style=\"visibility:hidden;background:transparent;padding:0;margin:0px auto;margin-top:0;margin-bottom:0;\">\n\t\t\t\t<rs-module id=\"rev_slider_7_1\" style=\"\" data-version=\"6.5.19\">\n\t\t\t\t\t<rs-slides>\n\t\t\t\t\t\t<rs-slide style=\"position: absolute;\" data-key=\"rs-8\" data-title=\"Slide\" data-anim=\"ms:1000;r:0;\" data-in=\"o:0;\" data-out=\"a:false;\">\n\t\t\t\t\t\t\t<img src=\"\/\/turismoincammino.it\/wp-content\/plugins\/revslider\/public\/assets\/assets\/dummy.png\" alt=\"\" title=\"slide-home\" width=\"1199\" height=\"482\" class=\"rev-slidebg tp-rs-img rs-lazyload\" data-lazyload=\"\/\/turismoincammino.it\/wp-content\/uploads\/2021\/01\/slide-home.jpg\" data-bg=\"p:center top;f:100% 100%;\" data-no-retina>\n<!--\n\t\t\t\t\t\t\t--><rs-layer\n\t\t\t\t\t\t\t\tid=\"slider-7-slide-8-layer-4\" \n\t\t\t\t\t\t\t\tdata-type=\"text\"\n\t\t\t\t\t\t\t\tdata-rsp_ch=\"on\"\n\t\t\t\t\t\t\t\tdata-text=\"s:69;l:86;\"\n\t\t\t\t\t\t\t\tdata-dim=\"w:100%;h:100%;\"\n\t\t\t\t\t\t\t\tdata-basealign=\"slide\"\n\t\t\t\t\t\t\t\tdata-frame_999=\"o:0;st:w;\"\n\t\t\t\t\t\t\t\tstyle=\"z-index:5;font-family:'Roboto';\"\n\t\t\t\t\t\t\t><div class=\"semicircle-dotted\">\n<svg viewBox='0 0 120 120' version='1.1' xmlns='http:\/\/www.w3.org\/2000\/svg'><circle cx='60' cy='60' r='50' stroke='#808c5e' stroke-width='2' stroke-dasharray='0 3' stroke-linecap='round' fill='transparent'\/><\/svg><\/div>\n<div class=\"background-slide-circle\">\n<h1>THE WORLD<br>IS REVEALED TO THOSE<br>CROSS IT ON FOOT \n<span class=\"author-cit-slide\" >(Werner Herzog)<\/span><\/h1>\n<\/div> \n\t\t\t\t\t\t\t<\/rs-layer><!--\n-->\t\t\t\t\t\t<\/rs-slide>\n\t\t\t\t\t<\/rs-slides>\n\t\t\t\t<\/rs-module>\n\t\t\t\t<script>\n\t\t\t\t\tsetREVStartSize({c: 'rev_slider_7_1',rl:[1240,1024,778,480],el:[450,768,960,720],gw:[1199,1199,1199,1199],gh:[450,450,450,450],type:'standard',justify:'',layout:'fullwidth',mh:\"0\"});if (window.RS_MODULES!==undefined && window.RS_MODULES.modules!==undefined && window.RS_MODULES.modules[\"revslider71\"]!==undefined) {window.RS_MODULES.modules[\"revslider71\"].once = false;window.revapi7 = undefined;if (window.RS_MODULES.checkMinimal!==undefined) window.RS_MODULES.checkMinimal()}\n\t\t\t\t<\/script>\n\t\t\t<\/rs-module-wrap>\n\t\t\t<!-- END REVOLUTION SLIDER -->\n<\/div><\/div><style type=\"text\/css\">.fusion-body .fusion-builder-column-0{width:100% !important;margin-top : 0px;margin-bottom : 0px;}.fusion-builder-column-0 > .fusion-column-wrapper {padding-top : 0 !important;padding-right : 0 !important;margin-right : 0;padding-bottom : 0 !important;padding-left : 0 !important;margin-left : 0;}@media only screen and (max-width:1024px) {.fusion-body .fusion-builder-column-0{width:100% !important;order : 0;}.fusion-builder-column-0 > .fusion-column-wrapper {margin-right : 0;margin-left : 0;}}@media only screen and (max-width:640px) {.fusion-body .fusion-builder-column-0{width:100% !important;order : 0;}.fusion-builder-column-0 > .fusion-column-wrapper {margin-right : 0;margin-left : 0;}}<\/style><\/div><\/div><style type=\"text\/css\">.fusion-body .fusion-flex-container.fusion-builder-row-1{ padding-top : 0px;margin-top : 0px;padding-right : 0px;padding-bottom : 0px;margin-bottom : 0px;padding-left : 0px;}<\/style><\/div><div class=\"fusion-fullwidth fullwidth-box fusion-builder-row-2 fusion-flex-container nonhundred-percent-fullwidth non-hundred-percent-height-scrolling\" style=\"background-color: rgba(255,255,255,0);background-position: center center;background-repeat: no-repeat;border-width: 0px 0px 0px 0px;border-color:#e2e2e2;border-style:solid;\" id=\"sez-prenota\" ><div class=\"fusion-builder-row fusion-row fusion-flex-align-items-flex-start fusion-flex-justify-content-center\" style=\"max-width:calc( 1200px + 0px );margin-left: calc(-0px \/ 2 );margin-right: calc(-0px \/ 2 );\"><div class=\"fusion-layout-column fusion_builder_column fusion-builder-column-1 fusion_builder_column_1_3 1_3 fusion-flex-column\"><div class=\"fusion-column-wrapper fusion-flex-justify-content-flex-start fusion-content-layout-column\" style=\"background-position:left top;background-repeat:no-repeat;-webkit-background-size:cover;-moz-background-size:cover;-o-background-size:cover;background-size:cover;padding: 0px 10% 0px 0px;\"><div class=\"fusion-text fusion-text-1\"><h2>Book your path<\/h2>\n<\/div><\/div><style type=\"text\/css\">.fusion-body .fusion-builder-column-1{width:33.333333333333% !important;margin-top : 0px;margin-bottom : 20px;}.fusion-builder-column-1 > .fusion-column-wrapper {padding-top : 0px !important;padding-right : 10% !important;margin-right : 0;padding-bottom : 0px !important;padding-left : 0 !important;margin-left : 0;}@media only screen and (max-width:1024px) {.fusion-body .fusion-builder-column-1{width:33.333333333333% !important;order : 0;}.fusion-builder-column-1 > .fusion-column-wrapper {margin-right : 0;margin-left : 0;}}@media only screen and (max-width:640px) {.fusion-body .fusion-builder-column-1{width:90% !important;order : 0;}.fusion-builder-column-1 > .fusion-column-wrapper {margin-right : 0;margin-left : 0;}}<\/style><\/div><div class=\"fusion-layout-column fusion_builder_column fusion-builder-column-2 fusion_builder_column_2_3 2_3 fusion-flex-column\"><div class=\"fusion-column-wrapper fusion-flex-justify-content-flex-start fusion-content-layout-column\" style=\"background-position:left top;background-repeat:no-repeat;-webkit-background-size:cover;-moz-background-size:cover;-o-background-size:cover;background-size:cover;padding: 0px 0px 0px 0px;\"><div class=\"fusion-text fusion-text-2\"><p>Lorem Ipsum \u00e8 un testo segnaposto utilizzato nel settoredella tipografia e della stampa. Lorem Ipsum \u00e8 considerato testo segnaposto standard Sin dal sedversioni del Lorem Ipsum., Lorem Ipsum \u00e8 un testo segnaposto utilizzato nel settore.<\/p>\n<\/div><\/div><style type=\"text\/css\">.fusion-body .fusion-builder-column-2{width:66.666666666667% !important;margin-top : 0px;margin-bottom : 20px;}.fusion-builder-column-2 > .fusion-column-wrapper {padding-top : 0px !important;padding-right : 0px !important;margin-right : 0;padding-bottom : 0px !important;padding-left : 0px !important;margin-left : 0;}@media only screen and (max-width:1024px) {.fusion-body .fusion-builder-column-2{width:66.666666666667% !important;order : 0;}.fusion-builder-column-2 > .fusion-column-wrapper {margin-right : 0;margin-left : 0;}}@media only screen and (max-width:640px) {.fusion-body .fusion-builder-column-2{width:90% !important;order : 0;}.fusion-builder-column-2 > .fusion-column-wrapper {margin-right : 0;margin-left : 0;}}<\/style><\/div><\/div><style type=\"text\/css\">.fusion-body .fusion-flex-container.fusion-builder-row-2{ padding-top : 3em;margin-top : 0px;padding-right : 0px;padding-bottom : 2em;margin-bottom : 0px;padding-left : 0px;}<\/style><\/div><div class=\"fusion-fullwidth fullwidth-box fusion-builder-row-3 fusion-flex-container nonhundred-percent-fullwidth non-hundred-percent-height-scrolling\" style=\"background-color: #d9ddd2;background-position: center center;background-repeat: no-repeat;border-width: 0px 0px 0px 0px;border-color:#e2e2e2;border-style:solid;\" id=\"sez-mappa\" ><div class=\"fusion-builder-row fusion-row fusion-flex-align-items-flex-start fusion-flex-justify-content-center\" style=\"max-width:calc( 1200px + 0px );margin-left: calc(-0px \/ 2 );margin-right: calc(-0px \/ 2 );\"><div class=\"fusion-layout-column fusion_builder_column fusion-builder-column-3 fusion_builder_column_1_1 1_1 fusion-flex-column\"><div class=\"fusion-column-wrapper fusion-flex-justify-content-flex-start fusion-content-layout-column\" style=\"background-position:left top;background-repeat:no-repeat;-webkit-background-size:cover;-moz-background-size:cover;-o-background-size:cover;background-size:cover;background-color:#808c5e;padding: 0px 0px 0px 0px;\"><div class=\"fusion-builder-row fusion-builder-row-inner fusion-row fusion-flex-align-items-flex-start fusion-flex-justify-content-center\" style=\"width:calc( 100% + 0px ) !important;max-width:calc( 100% + 0px ) !important;margin-left: calc(-0px \/ 2 );margin-right: calc(-0px \/ 2 );\"><div class=\"fusion-layout-column fusion_builder_column_inner fusion-builder-nested-column-0 fusion-flex-column\"><div class=\"fusion-column-wrapper fusion-flex-justify-content-flex-start fusion-content-layout-block\" style=\"background-position:left top;background-repeat:no-repeat;-webkit-background-size:cover;-moz-background-size:cover;-o-background-size:cover;background-size:cover;background-color:#ffffff;padding: 0px 0px 0px 0px;\"><h2>Choose your path<\/h2>\n<div id=\"mappa\" style=\"width:90%; margin:auto;\">\t\n\t<img src=\"\/wp-content\/uploads\/2021\/02\/mappa-home.jpg\" \/>\n\n\t<svg viewBox=\"0 0 2000 1999\">\n\n    \n        <a xlink:href=\"\/itinerario\/via-regina\/\" xlink:title=\"VIA REGINA\" for=\"via-regina\" class=\"tracciati\"><path d=\"m 723.80556,126.62119 100.39538,-0.9329 0.87,259.48431 L 715.72393,573.3905 595.31855,792.7029 553.56923,898.69573 508.46572,753.31197 633.00628,553.84697 741.66724,330.10623 Z\" ><\/path><\/a>\n\n        <a xlink:href=\"\/itinerario\/sentiero-del-viandante\/\" xlink:title=\"SENTIERO DEL VIANDANTE\" for=\"sentiero-del-viandante\" class=\"tracciati\"><path d=\"m 1025.6983,360.02131 -169.13754,4.8325 -57.99001,83.36064 -28.995,83.36063 -9.66501,129.2694 82.15252,125.64502 60.40626,13.28938 4.8325,-53.15751 -105.10689,-152.22378 16.91375,-117.18814 67.65501,-71.27939 148.59941,6.04063 21.7462,-30.20313 z\" ><\/path><\/a>\n\n        <a xlink:href=\"\/itinerario\/via-priula\/\" xlink:title=\"VIA PRIULA\" for=\"via-priula\" class=\"tracciati\"><path d=\"m 767.3898,270.08691 252.9385,60.01932 90.029,190.77567 12.8613,51.44513 10.7177,90.02897 -40.7274,25.72256 -23.579,-60.01931 12.8613,-64.30641 -42.8709,-45.01448 -4.257,-106.76767 -77.19782,-56.1419 -216.49824,-25.72256 z\" ><\/path><\/a>\n\n        <a xlink:href=\"\/itinerario\/via-mercatorum\/\" xlink:title=\"VIA MERCATORUM\" for=\"via-mercatorum\" class=\"tracciati\"><path d=\"m 1168.2331,735.2366 -62.1629,-25.72257 49.3016,-53.58867 130.7564,17.14837 8.5741,274.37401 -64.3064,-4.28709 2.1436,-214.3547 z\" ><\/path><\/a>\n        \n        <a xlink:href=\"\/itinerario\/via-postumia-tratto-lombardo\/\" xlink:title=\"VIA POSTUMIA\" for=\"via-postumia\" class=\"tracciati\"><path d=\"m 1946.3406,1043.9074 45.0145,34.2967 -2.1436,38.5838 -45.0144,-2.1435 -36.4403,40.7274 -40.7274,210.0676 66.4499,51.4451 -90.0289,216.4983 -147.9048,-55.7323 -171.4837,2.1436 -233.6467,-109.3209 -34.2967,21.4355 -62.1629,109.3209 -379.40777,111.4644 -145.76119,-111.4644 -165.05311,51.4451 -282.9482,-111.4645 42.87094,-51.4451 218.64179,92.1725 173.6273,-25.7225 79.31124,15.0048 75.02414,83.5983 310.81426,-87.8854 124.3258,-175.7708 259.3691,117.895 145.7612,15.0049 150.0483,36.4403 57.8758,-115.7516 -55.7322,-72.8806 42.8709,-244.3643 z\" ><\/path><\/a>\n\n        <a xlink:href=\"\/itinerario\/via-francigena\/\" xlink:title=\"VIA FRANCIGENA\" for=\"via-francigena\" class=\"tracciati\"><path d=\"m 12.861282,1243.2572 -6.4306412,72.8806 445.8577592,150.0483 207.92405,2.1435 98.60316,30.0097 117.89508,53.5887 96.45961,100.7467 25.72257,124.3257 90.02893,-23.579 -40.7274,-137.187 -120.03858,-120.0386 -263.65627,-92.1726 -175.77085,4.2872 z\"><\/path><\/a>\n        \n        <a xlink:href=\"\/itinerario\/via-francisca-del-lucomagno\/\" xlink:title=\"VIA FRANCISCA DEL LUCOMAGNO\" for=\"via-francisca-del-lucomagno\" class=\"tracciati\"><path d=\"m 317.24494,531.59964 62.16287,27.86611 -47.15804,96.45961 2.14355,113.60799 27.86611,68.5935 -19.29192,70.73705 17.14837,137.187 -8.57418,34.2968 -115.75154,62.1628 90.02897,111.4645 141.4741,87.8854 199.34986,87.8854 -36.44029,62.1629 -276.51756,-141.4741 -92.17252,-85.7419 -111.46444,-147.9048 139.33055,-64.3064 V 842.41394 l -36.44029,-115.75153 2.14354,-96.45961 z\"><\/path><\/a>\n               \n        <a xlink:href=\"\/itinerario\/via-francigena\/\" xlink:title=\"VIA FRANCIGENA\" id=\"via-francigena\"><rect width=\"288\" height=\"35\" x=\"1493\" y=\"67\" ry=\"0\" \/><\/a>\n\n        <a xlink:href=\"\/itinerario\/via-francisca-del-lucomagno\/\" xlink:title=\"VIA FRANCISCA DEL LUCOMAGNO\" id=\"via-francisca-del-lucomagno\"><rect width=\"440\" height=\"35\" x=\"1493\" y=\"112\" ry=\"0\" \/><\/a>\n\n        <a xlink:href=\"\/itinerario\/via-postumiatratto-lombardo\/\" xlink:title=\"VIA POSTUMIA\" id=\"via-postumia\"><rect width=\"288\" height=\"35\" x=\"1493\" y=\"157\" ry=\"0\" \/><\/a>\n  \n        <a xlink:href=\"\/itinerario\/via-regina\/\" xlink:title=\"VIA REGINA\" id=\"via-regina\"><rect width=\"288\" height=\"35\" x=\"1493\" y=\"293\" ry=\"0\" \/><\/a>\n        \n        <a xlink:href=\"\/itinerario\/sentiero-del-viandante\/\" xlink:title=\"SENTIERO DEL VIANDANTE\" id=\"sentiero-del-viandante\"><rect width=\"360\" height=\"35\" x=\"1493\" y=\"383\" ry=\"0\" \/><\/a>\n\n        <a xlink:href=\"\/itinerario\/via-priula\/\" xlink:title=\"VIA PRIULA\" id=\"via-priula\"><rect width=\"288\" height=\"35\" x=\"1493\" y=\"428\" ry=\"0\" \/><\/a>\n\n        <a xlink:href=\"\/itinerario\/via-mercatorum\/\" xlink:title=\"VIA MERCATORUM\" id=\"via-mercatorum\"><rect width=\"288\" height=\"35\" x=\"1493\" y=\"473\" ry=\"0\" \/><\/a>\n    <\/svg>\n<\/div>\n<\/div><style type=\"text\/css\">.fusion-body .fusion-builder-nested-column-0{width:90% !important;margin-top : 0px;margin-bottom : 20px;}.fusion-builder-nested-column-0 > .fusion-column-wrapper {padding-top : 0px !important;padding-right : 0px !important;margin-right : 0;padding-bottom : 0px !important;padding-left : 0px !important;margin-left : 0;}@media only screen and (max-width:1024px) {.fusion-body .fusion-builder-nested-column-0{width:90% !important;order : 0;}.fusion-builder-nested-column-0 > .fusion-column-wrapper {margin-right : 0;margin-left : 0;}}@media only screen and (max-width:640px) {.fusion-body .fusion-builder-nested-column-0{width:100% !important;order : 0;}.fusion-builder-nested-column-0 > .fusion-column-wrapper {margin-right : 0;margin-left : 0;}}<\/style><\/div><\/div><\/div><style type=\"text\/css\">.fusion-body .fusion-builder-column-3{width:100% !important;margin-top : 0px;margin-bottom : 0px;}.fusion-builder-column-3 > .fusion-column-wrapper {padding-top : 0px !important;padding-right : 0px !important;margin-right : 0;padding-bottom : 0px !important;padding-left : 0px !important;margin-left : 0;}@media only screen and (max-width:1024px) {.fusion-body .fusion-builder-column-3{width:100% !important;order : 0;}.fusion-builder-column-3 > .fusion-column-wrapper {margin-right : 0;margin-left : 0;}}@media only screen and (max-width:640px) {.fusion-body .fusion-builder-column-3{width:100% !important;order : 0;}.fusion-builder-column-3 > .fusion-column-wrapper {margin-right : 0;margin-left : 0;}}<\/style><\/div><\/div><style type=\"text\/css\">.fusion-body .fusion-flex-container.fusion-builder-row-3{ padding-top : 0px;margin-top : 0px;padding-right : 0px;padding-bottom : 0px;margin-bottom : 0px;padding-left : 0px;}<\/style><\/div><div class=\"fusion-fullwidth fullwidth-box fusion-builder-row-4 fusion-flex-container nonhundred-percent-fullwidth non-hundred-percent-height-scrolling\" style=\"background-color: #d9ddd2;background-position: center center;background-repeat: no-repeat;border-width: 0px 0px 0px 0px;border-color:#e2e2e2;border-style:solid;\" ><div class=\"fusion-builder-row fusion-row fusion-flex-align-items-flex-start\" style=\"max-width:calc( 1200px + 0px );margin-left: calc(-0px \/ 2 );margin-right: calc(-0px \/ 2 );\"><div class=\"fusion-layout-column fusion_builder_column fusion-builder-column-4 fusion_builder_column_1_1 1_1 fusion-flex-column\"><div class=\"fusion-column-wrapper fusion-flex-justify-content-flex-start fusion-content-layout-column\" style=\"background-position:left top;background-repeat:no-repeat;-webkit-background-size:cover;-moz-background-size:cover;-o-background-size:cover;background-size:cover;background-color:#808c5e;padding: 5% 10% 5% 10%;\"><div class=\"fusion-text fusion-text-3\"><div>\n<p>Lorem Ipsum \u00e8 un testo segnaposto utilizzato nel settoredella tipografia e della stampa.<\/p>\n<p>Lorem Ipsum \u00e8 considerato testo segnaposto standard sin dal sedversioni del Lorem Ipsum., Lorem Ipsum \u00e8 un testo segnaposto utilizzato nel settore.<\/p>\n<p>Lorem Ipsum \u00e8 un testo segnaposto utilizzato nel settoredella tipografia e stampa.<\/p>\n<\/div>\n<\/div><\/div><style type=\"text\/css\">.fusion-body .fusion-builder-column-4{width:100% !important;margin-top : 0px;margin-bottom : 0px;}.fusion-builder-column-4 > .fusion-column-wrapper {padding-top : 5% !important;padding-right : 10% !important;margin-right : 0;padding-bottom : 5% !important;padding-left : 10% !important;margin-left : 0;}@media only screen and (max-width:1024px) {.fusion-body .fusion-builder-column-4{width:100% !important;order : 0;}.fusion-builder-column-4 > .fusion-column-wrapper {margin-right : 0;margin-left : 0;}}@media only screen and (max-width:640px) {.fusion-body .fusion-builder-column-4{width:100% !important;order : 0;}.fusion-builder-column-4 > .fusion-column-wrapper {margin-right : 0;margin-left : 0;}}<\/style><\/div><\/div><style type=\"text\/css\">.fusion-body .fusion-flex-container.fusion-builder-row-4{ padding-top : 0px;margin-top : 0;padding-right : 0px;padding-bottom : 0px;margin-bottom : 0;padding-left : 0px;}<\/style><\/div><\/p>\n","protected":false},"excerpt":{"rendered":"","protected":false},"author":2,"featured_media":0,"parent":0,"menu_order":0,"comment_status":"closed","ping_status":"closed","template":"","meta":[],"acf":[],"yoast_head":"<!-- This site is optimized with the Yoast SEO plugin v18.4.1 - https:\/\/yoast.com\/wordpress\/plugins\/seo\/ -->\n<title>Home - EN - Turismo in cammino<\/title>\n<meta name=\"robots\" content=\"index, follow, max-snippet:-1, max-image-preview:large, max-video-preview:-1\" \/>\n<link rel=\"canonical\" href=\"https:\/\/turismoincammino.it\/en\/\" \/>\n<meta property=\"og:locale\" content=\"en_US\" \/>\n<meta property=\"og:type\" content=\"article\" \/>\n<meta property=\"og:title\" content=\"Home - EN - Turismo in cammino\" \/>\n<meta property=\"og:url\" content=\"https:\/\/turismoincammino.it\/en\/\" \/>\n<meta property=\"og:site_name\" content=\"Turismo in cammino\" \/>\n<meta property=\"article:modified_time\" content=\"2021-03-02T15:04:34+00:00\" \/>\n<meta name=\"twitter:card\" content=\"summary_large_image\" \/>\n<meta name=\"twitter:label1\" content=\"Est. reading time\" \/>\n\t<meta name=\"twitter:data1\" content=\"6 minutes\" \/>\n<script type=\"application\/ld+json\" class=\"yoast-schema-graph\">{\"@context\":\"https:\/\/schema.org\",\"@graph\":[{\"@type\":\"WebSite\",\"@id\":\"https:\/\/turismoincammino.it\/#website\",\"url\":\"https:\/\/turismoincammino.it\/\",\"name\":\"Turismo in cammino\",\"description\":\"\",\"potentialAction\":[{\"@type\":\"SearchAction\",\"target\":{\"@type\":\"EntryPoint\",\"urlTemplate\":\"https:\/\/turismoincammino.it\/?s={search_term_string}\"},\"query-input\":\"required name=search_term_string\"}],\"inLanguage\":\"en-US\"},{\"@type\":\"WebPage\",\"@id\":\"https:\/\/turismoincammino.it\/en\/#webpage\",\"url\":\"https:\/\/turismoincammino.it\/en\/\",\"name\":\"Home - EN - Turismo in cammino\",\"isPartOf\":{\"@id\":\"https:\/\/turismoincammino.it\/#website\"},\"datePublished\":\"2021-03-02T09:58:35+00:00\",\"dateModified\":\"2021-03-02T15:04:34+00:00\",\"breadcrumb\":{\"@id\":\"https:\/\/turismoincammino.it\/en\/#breadcrumb\"},\"inLanguage\":\"en-US\",\"potentialAction\":[{\"@type\":\"ReadAction\",\"target\":[\"https:\/\/turismoincammino.it\/en\/\"]}]},{\"@type\":\"BreadcrumbList\",\"@id\":\"https:\/\/turismoincammino.it\/en\/#breadcrumb\",\"itemListElement\":[{\"@type\":\"ListItem\",\"position\":1,\"name\":\"Home\",\"item\":\"https:\/\/turismoincammino.it\/en\/\"},{\"@type\":\"ListItem\",\"position\":2,\"name\":\"Home &#8211; EN\"}]}]}<\/script>\n<!-- \/ Yoast SEO plugin. -->","yoast_head_json":{"title":"Home - EN - Turismo in cammino","robots":{"index":"index","follow":"follow","max-snippet":"max-snippet:-1","max-image-preview":"max-image-preview:large","max-video-preview":"max-video-preview:-1"},"canonical":"https:\/\/turismoincammino.it\/en\/","og_locale":"en_US","og_type":"article","og_title":"Home - EN - Turismo in cammino","og_url":"https:\/\/turismoincammino.it\/en\/","og_site_name":"Turismo in cammino","article_modified_time":"2021-03-02T15:04:34+00:00","twitter_card":"summary_large_image","twitter_misc":{"Est. reading time":"6 minutes"},"schema":{"@context":"https:\/\/schema.org","@graph":[{"@type":"WebSite","@id":"https:\/\/turismoincammino.it\/#website","url":"https:\/\/turismoincammino.it\/","name":"Turismo in cammino","description":"","potentialAction":[{"@type":"SearchAction","target":{"@type":"EntryPoint","urlTemplate":"https:\/\/turismoincammino.it\/?s={search_term_string}"},"query-input":"required name=search_term_string"}],"inLanguage":"en-US"},{"@type":"WebPage","@id":"https:\/\/turismoincammino.it\/en\/#webpage","url":"https:\/\/turismoincammino.it\/en\/","name":"Home - EN - Turismo in cammino","isPartOf":{"@id":"https:\/\/turismoincammino.it\/#website"},"datePublished":"2021-03-02T09:58:35+00:00","dateModified":"2021-03-02T15:04:34+00:00","breadcrumb":{"@id":"https:\/\/turismoincammino.it\/en\/#breadcrumb"},"inLanguage":"en-US","potentialAction":[{"@type":"ReadAction","target":["https:\/\/turismoincammino.it\/en\/"]}]},{"@type":"BreadcrumbList","@id":"https:\/\/turismoincammino.it\/en\/#breadcrumb","itemListElement":[{"@type":"ListItem","position":1,"name":"Home","item":"https:\/\/turismoincammino.it\/en\/"},{"@type":"ListItem","position":2,"name":"Home &#8211; EN"}]}]}},"_links":{"self":[{"href":"https:\/\/turismoincammino.it\/en\/wp-json\/wp\/v2\/pages\/410"}],"collection":[{"href":"https:\/\/turismoincammino.it\/en\/wp-json\/wp\/v2\/pages"}],"about":[{"href":"https:\/\/turismoincammino.it\/en\/wp-json\/wp\/v2\/types\/page"}],"author":[{"embeddable":true,"href":"https:\/\/turismoincammino.it\/en\/wp-json\/wp\/v2\/users\/2"}],"replies":[{"embeddable":true,"href":"https:\/\/turismoincammino.it\/en\/wp-json\/wp\/v2\/comments?post=410"}],"version-history":[{"count":4,"href":"https:\/\/turismoincammino.it\/en\/wp-json\/wp\/v2\/pages\/410\/revisions"}],"predecessor-version":[{"id":462,"href":"https:\/\/turismoincammino.it\/en\/wp-json\/wp\/v2\/pages\/410\/revisions\/462"}],"wp:attachment":[{"href":"https:\/\/turismoincammino.it\/en\/wp-json\/wp\/v2\/media?parent=410"}],"curies":[{"name":"wp","href":"https:\/\/api.w.org\/{rel}","templated":true}]}}